{"id":29504,"date":"2021-02-13T16:13:23","date_gmt":"2021-02-13T16:13:23","guid":{"rendered":"https:\/\/dantes.hr\/contact\/"},"modified":"2021-07-09T15:53:19","modified_gmt":"2021-07-09T15:53:19","slug":"contact","status":"publish","type":"page","link":"https:\/\/dantes.hr\/en\/contact\/","title":{"rendered":"Contact"},"content":{"rendered":"<p>[et_pb_section fb_built=&#8221;1&#8243; admin_label=&#8221;section&#8221; module_class=&#8221;marvelKenBurnsSection marvel_header&#8221; _builder_version=&#8221;4.8.2&#8243; background_image=&#8221;https:\/\/dantes.hr\/wp-content\/uploads\/2021\/02\/dantes-handmade-zavisa-zezelic-2.jpg&#8221; parallax=&#8221;on&#8221; custom_padding=&#8221;18vh||18vh|&#8221; locked=&#8221;off&#8221;][et_pb_row _builder_version=&#8221;3.25&#8243; background_size=&#8221;initial&#8221; background_position=&#8221;top_left&#8221; background_repeat=&#8221;repeat&#8221;][et_pb_column type=&#8221;4_4&#8243; _builder_version=&#8221;3.25&#8243; custom_padding=&#8221;|||&#8221; custom_padding__hover=&#8221;|||&#8221;][et_pb_text _builder_version=&#8221;4.9.2&#8243; text_font=&#8221;Montserrat|on|||&#8221; text_font_size=&#8221;60&#8243; text_line_height=&#8221;1.2em&#8221; header_text_align=&#8221;center&#8221; text_orientation=&#8221;center&#8221; background_layout=&#8221;dark&#8221; module_alignment=&#8221;left&#8221; custom_margin=&#8221;||0px|&#8221; hover_enabled=&#8221;0&#8243; text_font_size_tablet=&#8221;50&#8243; text_font_size_phone=&#8221;20px&#8221; text_font_size_last_edited=&#8221;on|phone&#8221; text_line_height_tablet=&#8221;1.1em&#8221; text_line_height_phone=&#8221;1em&#8221; text_line_height_last_edited=&#8221;on|phone&#8221; sticky_enabled=&#8221;0&#8243;]<\/p>\n<p>UNIQUE <span class=\"marvel_text_color\">JEWELRY<\/span><\/p>\n<p>[\/et_pb_text][et_pb_text _builder_version=&#8221;4.8.2&#8243; text_font=&#8221;Montserrat||||&#8221; text_font_size=&#8221;26&#8243; text_line_height=&#8221;1em&#8221; header_text_align=&#8221;center&#8221; text_orientation=&#8221;center&#8221; background_layout=&#8221;dark&#8221; module_alignment=&#8221;left&#8221; custom_padding=&#8221;||2px|||&#8221;]<\/p>\n<p>BE &#8211; WEAR &#8211; UNIQUE<\/p>\n<p>[\/et_pb_text][et_pb_text _builder_version=&#8221;4.8.2&#8243; _module_preset=&#8221;default&#8221; text_text_color=&#8221;#FFFFFF&#8221; text_orientation=&#8221;center&#8221;]<\/p>\n<p>I hope my story has contributed, and my works have captured your attention. I am at your disposal with the desire to make you happy.<\/p>\n<p>[\/et_pb_text][et_pb_divider show_divider=&#8221;off&#8221; _builder_version=&#8221;4.8.2&#8243; _module_preset=&#8221;default&#8221;][\/et_pb_divider][\/et_pb_column][\/et_pb_row][\/et_pb_section][et_pb_section fb_built=&#8221;1&#8243; _builder_version=&#8221;3.22&#8243; custom_padding=&#8221;|20px|0px|20px||&#8221;][et_pb_row use_custom_gutter=&#8221;on&#8221; gutter_width=&#8221;1&#8243; make_equal=&#8221;on&#8221; _builder_version=&#8221;4.8.2&#8243; background_size=&#8221;initial&#8221; background_position=&#8221;top_left&#8221; background_repeat=&#8221;repeat&#8221; width=&#8221;70%&#8221; max_width=&#8221;70%&#8221; custom_margin=&#8221;-380px||0px|&#8221; custom_margin_tablet=&#8221;-300px||0px|&#8221; custom_margin_phone=&#8221;-250px||||false|false&#8221; custom_margin_last_edited=&#8221;on|desktop&#8221; custom_padding=&#8221;0px||0px|&#8221; use_custom_width=&#8221;on&#8221; width_unit=&#8221;off&#8221; custom_width_percent=&#8221;70%&#8221;][et_pb_column type=&#8221;4_4&#8243; _builder_version=&#8221;3.25&#8243; background_position=&#8221;top_left&#8221; custom_padding=&#8221;0px||40px|&#8221; custom_padding__hover=&#8221;|||&#8221;][et_pb_contact_form use_spam_service=&#8221;on&#8221; recaptcha_list=&#8221;Default-0&#8243; email=&#8221;dantes.handmade@gmail.com&#8221; title=&#8221;Send an inquiry via the contact form&#8221; success_message=&#8221;Your message has been sent. We will respond as soon as possible.&#8221; submit_button_text=&#8221;SEND&#8221; module_class=&#8221;marvel_contact_form&#8221; _builder_version=&#8221;4.8.2&#8243; form_field_background_color=&#8221;#f9f9f9&#8243; background_color=&#8221;#ffffff&#8221; custom_button=&#8221;on&#8221; button_text_color=&#8221;#ffffff&#8221; button_letter_spacing=&#8221;0&#8243; custom_padding=&#8221;50px|40px|50px|40px&#8221; title_font_size_tablet=&#8221;24&#8243; title_font_size_phone=&#8221;20&#8243; title_font_size_last_edited=&#8221;on|phone&#8221; custom_css_main_element=&#8221;box-shadow: 0 20px 150px rgba(0,0,0,.1);||-webkit-box-shadow: 0 20px 150px rgba(0,0,0,.1);||-moz-box-shadow: 0 20px 150px rgba(0,0,0,.1);||border-radius: 5px;||-webkit-border-radius: 5px;||-moz-border-radius: 5px;&#8221; border_radii=&#8221;on|5px|5px|5px|5px&#8221; form_background_color=&#8221;#f9f9f9&#8243;][et_pb_contact_field field_id=&#8221;Ime&#8221; field_title=&#8221;Name and surname&#8221; _builder_version=&#8221;4.8.2&#8243; button_text_size__hover_enabled=&#8221;off&#8221; button_one_text_size__hover_enabled=&#8221;off&#8221; button_two_text_size__hover_enabled=&#8221;off&#8221; button_text_color__hover_enabled=&#8221;off&#8221; button_one_text_color__hover_enabled=&#8221;off&#8221; button_two_text_color__hover_enabled=&#8221;off&#8221; button_border_width__hover_enabled=&#8221;off&#8221; button_one_border_width__hover_enabled=&#8221;off&#8221; button_two_border_width__hover_enabled=&#8221;off&#8221; button_border_color__hover_enabled=&#8221;off&#8221; button_one_border_color__hover_enabled=&#8221;off&#8221; button_two_border_color__hover_enabled=&#8221;off&#8221; button_border_radius__hover_enabled=&#8221;off&#8221; button_one_border_radius__hover_enabled=&#8221;off&#8221; button_two_border_radius__hover_enabled=&#8221;off&#8221; button_letter_spacing__hover_enabled=&#8221;off&#8221; button_one_letter_spacing__hover_enabled=&#8221;off&#8221; button_two_letter_spacing__hover_enabled=&#8221;off&#8221; button_bg_color__hover_enabled=&#8221;off&#8221; button_one_bg_color__hover_enabled=&#8221;off&#8221; button_two_bg_color__hover_enabled=&#8221;off&#8221;][\/et_pb_contact_field][et_pb_contact_field field_id=&#8221;Email&#8221; field_title=&#8221;Email&#8221; field_type=&#8221;email&#8221; _builder_version=&#8221;4.8.2&#8243; button_text_size__hover_enabled=&#8221;off&#8221; button_one_text_size__hover_enabled=&#8221;off&#8221; button_two_text_size__hover_enabled=&#8221;off&#8221; button_text_color__hover_enabled=&#8221;off&#8221; button_one_text_color__hover_enabled=&#8221;off&#8221; button_two_text_color__hover_enabled=&#8221;off&#8221; button_border_width__hover_enabled=&#8221;off&#8221; button_one_border_width__hover_enabled=&#8221;off&#8221; button_two_border_width__hover_enabled=&#8221;off&#8221; button_border_color__hover_enabled=&#8221;off&#8221; button_one_border_color__hover_enabled=&#8221;off&#8221; button_two_border_color__hover_enabled=&#8221;off&#8221; button_border_radius__hover_enabled=&#8221;off&#8221; button_one_border_radius__hover_enabled=&#8221;off&#8221; button_two_border_radius__hover_enabled=&#8221;off&#8221; button_letter_spacing__hover_enabled=&#8221;off&#8221; button_one_letter_spacing__hover_enabled=&#8221;off&#8221; button_two_letter_spacing__hover_enabled=&#8221;off&#8221; button_bg_color__hover_enabled=&#8221;off&#8221; button_one_bg_color__hover_enabled=&#8221;off&#8221; button_two_bg_color__hover_enabled=&#8221;off&#8221;][\/et_pb_contact_field][et_pb_contact_field field_id=&#8221;Telefon&#8221; field_title=&#8221;Phone&#8221; _builder_version=&#8221;4.8.2&#8243; form_field_font=&#8221;||||&#8221; use_border_color=&#8221;off&#8221; border_style=&#8221;solid&#8221; button_text_size__hover_enabled=&#8221;off&#8221; button_one_text_size__hover_enabled=&#8221;off&#8221; button_two_text_size__hover_enabled=&#8221;off&#8221; button_text_color__hover_enabled=&#8221;off&#8221; button_one_text_color__hover_enabled=&#8221;off&#8221; button_two_text_color__hover_enabled=&#8221;off&#8221; button_border_width__hover_enabled=&#8221;off&#8221; button_one_border_width__hover_enabled=&#8221;off&#8221; button_two_border_width__hover_enabled=&#8221;off&#8221; button_border_color__hover_enabled=&#8221;off&#8221; button_one_border_color__hover_enabled=&#8221;off&#8221; button_two_border_color__hover_enabled=&#8221;off&#8221; button_border_radius__hover_enabled=&#8221;off&#8221; button_one_border_radius__hover_enabled=&#8221;off&#8221; button_two_border_radius__hover_enabled=&#8221;off&#8221; button_letter_spacing__hover_enabled=&#8221;off&#8221; button_one_letter_spacing__hover_enabled=&#8221;off&#8221; button_two_letter_spacing__hover_enabled=&#8221;off&#8221; button_bg_color__hover_enabled=&#8221;off&#8221; button_one_bg_color__hover_enabled=&#8221;off&#8221; button_two_bg_color__hover_enabled=&#8221;off&#8221;][\/et_pb_contact_field][et_pb_contact_field field_id=&#8221;Kako&#8221; field_title=&#8221;How did you hear about Dante&#8217;s&#8221; required_mark=&#8221;off&#8221; _builder_version=&#8221;4.8.2&#8243; form_field_font=&#8221;||||&#8221; use_border_color=&#8221;off&#8221; border_style=&#8221;solid&#8221; button_text_size__hover_enabled=&#8221;off&#8221; button_one_text_size__hover_enabled=&#8221;off&#8221; button_two_text_size__hover_enabled=&#8221;off&#8221; button_text_color__hover_enabled=&#8221;off&#8221; button_one_text_color__hover_enabled=&#8221;off&#8221; button_two_text_color__hover_enabled=&#8221;off&#8221; button_border_width__hover_enabled=&#8221;off&#8221; button_one_border_width__hover_enabled=&#8221;off&#8221; button_two_border_width__hover_enabled=&#8221;off&#8221; button_border_color__hover_enabled=&#8221;off&#8221; button_one_border_color__hover_enabled=&#8221;off&#8221; button_two_border_color__hover_enabled=&#8221;off&#8221; button_border_radius__hover_enabled=&#8221;off&#8221; button_one_border_radius__hover_enabled=&#8221;off&#8221; button_two_border_radius__hover_enabled=&#8221;off&#8221; button_letter_spacing__hover_enabled=&#8221;off&#8221; button_one_letter_spacing__hover_enabled=&#8221;off&#8221; button_two_letter_spacing__hover_enabled=&#8221;off&#8221; button_bg_color__hover_enabled=&#8221;off&#8221; button_one_bg_color__hover_enabled=&#8221;off&#8221; button_two_bg_color__hover_enabled=&#8221;off&#8221;][\/et_pb_contact_field][et_pb_contact_field field_id=&#8221;Poruka&#8221; field_title=&#8221;Message&#8221; field_type=&#8221;text&#8221; fullwidth_field=&#8221;on&#8221; _builder_version=&#8221;4.8.2&#8243; button_text_size__hover_enabled=&#8221;off&#8221; button_one_text_size__hover_enabled=&#8221;off&#8221; button_two_text_size__hover_enabled=&#8221;off&#8221; button_text_color__hover_enabled=&#8221;off&#8221; button_one_text_color__hover_enabled=&#8221;off&#8221; button_two_text_color__hover_enabled=&#8221;off&#8221; button_border_width__hover_enabled=&#8221;off&#8221; button_one_border_width__hover_enabled=&#8221;off&#8221; button_two_border_width__hover_enabled=&#8221;off&#8221; button_border_color__hover_enabled=&#8221;off&#8221; button_one_border_color__hover_enabled=&#8221;off&#8221; button_two_border_color__hover_enabled=&#8221;off&#8221; button_border_radius__hover_enabled=&#8221;off&#8221; button_one_border_radius__hover_enabled=&#8221;off&#8221; button_two_border_radius__hover_enabled=&#8221;off&#8221; button_letter_spacing__hover_enabled=&#8221;off&#8221; button_one_letter_spacing__hover_enabled=&#8221;off&#8221; button_two_letter_spacing__hover_enabled=&#8221;off&#8221; button_bg_color__hover_enabled=&#8221;off&#8221; button_one_bg_color__hover_enabled=&#8221;off&#8221; button_two_bg_color__hover_enabled=&#8221;off&#8221;][\/et_pb_contact_field][\/et_pb_contact_form][\/et_pb_column][\/et_pb_row][et_pb_row column_structure=&#8221;1_2,1_2&#8243; use_custom_gutter=&#8221;on&#8221; gutter_width=&#8221;1&#8243; _builder_version=&#8221;3.25&#8243; background_color=&#8221;#d0d0d0&#8243; width=&#8221;70%&#8221; max_width=&#8221;70%&#8221; module_alignment=&#8221;center&#8221; custom_padding=&#8221;0px||0px|&#8221; custom_css_main_element=&#8221;box-shadow: 0 20px 100px rgba(0,0,0,.1);||-webkit-box-shadow: 0 20px 100px rgba(0,0,0,.1);||-moz-box-shadow: 0 20px 100px rgba(0,0,0,.1);||border-radius: 5px;||-webkit-border-radius: 5px;||-moz-border-radius: 5px;&#8221; use_custom_width=&#8221;on&#8221; width_unit=&#8221;off&#8221; custom_width_percent=&#8221;70%&#8221;][et_pb_column type=&#8221;1_2&#8243; _builder_version=&#8221;3.25&#8243; custom_padding=&#8221;|||&#8221; custom_padding__hover=&#8221;|||&#8221;][et_pb_blurb title=&#8221;dantes.handmade&#8221; url_new_window=&#8221;on&#8221; use_icon=&#8221;on&#8221; font_icon=&#8221;%%314%%&#8221; icon_color=&#8221;#ffffff&#8221; icon_placement=&#8221;left&#8221; use_icon_font_size=&#8221;on&#8221; icon_font_size=&#8221;40px&#8221; module_class=&#8221;white-blurb ease&#8221; _builder_version=&#8221;4.8.2&#8243; header_font=&#8221;|600|||||||&#8221; header_font_size=&#8221;17&#8243; header_line_height=&#8221;1.2em&#8221; background_layout=&#8221;dark&#8221; link_option_url=&#8221;https:\/\/www.facebook.com\/dantes.handmade&#8221; link_option_url_new_window=&#8221;on&#8221; header_font_size_tablet=&#8221;16&#8243; header_font_size_phone=&#8221;12px&#8221; header_font_size_last_edited=&#8221;on|phone&#8221; custom_css_blurb_title=&#8221;padding-top: 10px;&#8221;][\/et_pb_blurb][\/et_pb_column][et_pb_column type=&#8221;1_2&#8243; _builder_version=&#8221;3.25&#8243; custom_padding=&#8221;|||&#8221; custom_padding__hover=&#8221;|||&#8221;][et_pb_blurb title=&#8221;dantes_handmade_wood_jewerly&#8221; use_icon=&#8221;on&#8221; font_icon=&#8221;%%298%%&#8221; icon_color=&#8221;#ffffff&#8221; icon_placement=&#8221;left&#8221; use_icon_font_size=&#8221;on&#8221; icon_font_size=&#8221;40px&#8221; module_class=&#8221;white-blurb ease&#8221; _builder_version=&#8221;4.8.2&#8243; header_font=&#8221;|600|||||||&#8221; header_font_size=&#8221;17&#8243; header_line_height=&#8221;1.2em&#8221; background_layout=&#8221;dark&#8221; link_option_url=&#8221;https:\/\/www.instagram.com\/dantes_handmade_wood_jewerly&#8221; link_option_url_new_window=&#8221;on&#8221; header_font_size_tablet=&#8221;&#8221; header_font_size_phone=&#8221;10px&#8221; header_font_size_last_edited=&#8221;on|desktop&#8221; custom_css_blurb_title=&#8221;padding-top: 10px;&#8221;][\/et_pb_blurb][\/et_pb_column][\/et_pb_row][\/et_pb_section][et_pb_section fb_built=&#8221;1&#8243; _builder_version=&#8221;3.22&#8243; custom_margin=&#8221;0px||0px|&#8221; custom_padding=&#8221;0px||0px|&#8221;][et_pb_row module_class=&#8221; et_pb_row_fullwidth&#8221; _builder_version=&#8221;3.25&#8243; width=&#8221;89%&#8221; width_tablet=&#8221;80%&#8221; width_phone=&#8221;&#8221; width_last_edited=&#8221;on|desktop&#8221; max_width=&#8221;89%&#8221; max_width_tablet=&#8221;80%&#8221; max_width_phone=&#8221;&#8221; max_width_last_edited=&#8221;on|desktop&#8221; custom_margin=&#8221;0px|||&#8221; custom_padding=&#8221;0px|||&#8221; make_fullwidth=&#8221;on&#8221;][et_pb_column type=&#8221;4_4&#8243; _builder_version=&#8221;3.25&#8243; custom_padding=&#8221;|||&#8221; custom_padding__hover=&#8221;|||&#8221;][\/et_pb_column][\/et_pb_row][\/et_pb_section][et_pb_section fb_built=&#8221;1&#8243; _builder_version=&#8221;4.8.2&#8243; _module_preset=&#8221;default&#8221; background_color=&#8221;#ceaa51&#8243; global_module=&#8221;29170&#8243; saved_tabs=&#8221;all&#8221;][et_pb_row column_structure=&#8221;1_3,1_3,1_3&#8243; _builder_version=&#8221;4.8.2&#8243; _module_preset=&#8221;default&#8221; custom_padding=&#8221;4px||1px|||&#8221;][et_pb_column type=&#8221;1_3&#8243; _builder_version=&#8221;4.8.2&#8243; _module_preset=&#8221;default&#8221;][et_pb_blurb title=&#8221;+385 97 699 6812&#8243; use_icon=&#8221;on&#8221; font_icon=&#8221;%%433%%&#8221; icon_color=&#8221;#ffffff&#8221; icon_placement=&#8221;left&#8221; module_class=&#8221;white-blurb ease&#8221; _builder_version=&#8221;4.8.2&#8243; header_font=&#8221;|700|||||||&#8221; header_font_size=&#8221;16&#8243; header_line_height=&#8221;1.2em&#8221; background_layout=&#8221;dark&#8221; custom_css_blurb_title=&#8221;margin-top: 5px;&#8221;][\/et_pb_blurb][\/et_pb_column][et_pb_column type=&#8221;1_3&#8243; _builder_version=&#8221;4.8.2&#8243; _module_preset=&#8221;default&#8221;][et_pb_blurb title=&#8221;Branka Laginje 33a, 51211 Matulji, Croatia&#8221; use_icon=&#8221;on&#8221; font_icon=&#8221;%%426%%&#8221; icon_color=&#8221;#ffffff&#8221; icon_placement=&#8221;left&#8221; module_class=&#8221;white-blurb ease&#8221; _builder_version=&#8221;4.8.2&#8243; header_font=&#8221;|700|||||||&#8221; header_font_size=&#8221;16&#8243; header_line_height=&#8221;1.2em&#8221; background_layout=&#8221;dark&#8221; custom_css_blurb_title=&#8221;margin-top: 5px;&#8221;][\/et_pb_blurb][\/et_pb_column][et_pb_column type=&#8221;1_3&#8243; _builder_version=&#8221;4.8.2&#8243; _module_preset=&#8221;default&#8221;][et_pb_blurb title=&#8221;dantes.handmade@gmail.com&#8221; use_icon=&#8221;on&#8221; font_icon=&#8221;%%413%%&#8221; icon_color=&#8221;#ffffff&#8221; icon_placement=&#8221;left&#8221; module_class=&#8221;white-blurb ease&#8221; _builder_version=&#8221;4.8.2&#8243; header_font=&#8221;|700|||||||&#8221; header_font_size=&#8221;16&#8243; header_line_height=&#8221;1.2em&#8221; background_layout=&#8221;dark&#8221; custom_css_blurb_title=&#8221;padding-top: 5px;&#8221;][\/et_pb_blurb][\/et_pb_column][\/et_pb_row][\/et_pb_section][et_pb_section fb_built=&#8221;1&#8243; module_class=&#8221;marvel_section_border&#8221; _builder_version=&#8221;4.8.2&#8243; background_color=&#8221;#212228&#8243; background_image=&#8221;https:\/\/dantes.hr\/wp-content\/uploads\/2021\/02\/dantes-unikatni-nakit-moissanite-header-3.jpg&#8221; parallax=&#8221;on&#8221; box_shadow_style=&#8221;preset1&#8243; box_shadow_blur=&#8221;40px&#8221;][et_pb_row _builder_version=&#8221;3.25&#8243; custom_margin=&#8221;||0px|&#8221; custom_padding=&#8221;||0px|&#8221;][et_pb_column type=&#8221;4_4&#8243; _builder_version=&#8221;3.25&#8243; custom_padding=&#8221;|||&#8221; custom_padding__hover=&#8221;|||&#8221;][et_pb_cta title=&#8221;DANTE&#8217;S&#8221; button_url=&#8221;\/en\/web-shop&#8221; button_text=&#8221;WEB SHOP&#8221; module_class=&#8221;marvel_cta_text_color marvel_button_cta&#8221; _builder_version=&#8221;4.8.2&#8243; body_font=&#8221;Montserrat|on|||&#8221; body_text_color=&#8221;#FFFFFF&#8221; body_font_size=&#8221;40&#8243; custom_button=&#8221;on&#8221; button_text_color=&#8221;#ffffff&#8221; button_letter_spacing=&#8221;0&#8243; text_orientation=&#8221;center&#8221; custom_margin=&#8221;||50px|&#8221; animation_style=&#8221;slide&#8221; animation_direction=&#8221;bottom&#8221; button_text_size__hover_enabled=&#8221;off&#8221; button_one_text_size__hover_enabled=&#8221;off&#8221; button_two_text_size__hover_enabled=&#8221;off&#8221; button_text_color__hover_enabled=&#8221;off&#8221; button_one_text_color__hover_enabled=&#8221;off&#8221; button_two_text_color__hover_enabled=&#8221;off&#8221; button_border_width__hover_enabled=&#8221;off&#8221; button_one_border_width__hover_enabled=&#8221;off&#8221; button_two_border_width__hover_enabled=&#8221;off&#8221; button_border_color__hover_enabled=&#8221;off&#8221; button_one_border_color__hover_enabled=&#8221;off&#8221; button_two_border_color__hover_enabled=&#8221;off&#8221; button_border_radius__hover_enabled=&#8221;off&#8221; button_one_border_radius__hover_enabled=&#8221;off&#8221; button_two_border_radius__hover_enabled=&#8221;off&#8221; button_letter_spacing__hover_enabled=&#8221;off&#8221; button_one_letter_spacing__hover_enabled=&#8221;off&#8221; button_two_letter_spacing__hover_enabled=&#8221;off&#8221; button_bg_color__hover_enabled=&#8221;off&#8221; button_one_bg_color__hover_enabled=&#8221;off&#8221; button_two_bg_color__hover_enabled=&#8221;off&#8221;]<\/p>\n<p>Want to order something unique, special and completely different?<\/p>\n<p>[\/et_pb_cta][et_pb_text _builder_version=&#8221;4.8.2&#8243; _module_preset=&#8221;default&#8221;]<\/p>\n<p style=\"text-align: center;\"><span style=\"color: rgba(255, 255, 255, 0.25);\">Impressum:\u00a0<\/span><span style=\"color: rgba(255, 255, 255, 0.25);\">DANTE`S, OBRT ZA PROIZVODNJU, TRGOVINU I USLUGE, vl. ZAVI\u0160A \u017dE\u017dELI\u0106, MATULJI, BRANKA LAGINJE 33 A,\u00a0<\/span><span style=\"color: rgba(255, 255, 255, 0.25);\">OIB:\u00a086062133830,\u00a0<\/span><span style=\"color: rgba(255, 255, 255, 0.25);\">HR9823600001102887248 ZABA<br \/><\/span><\/p>\n<p>[\/et_pb_text][\/et_pb_column][\/et_pb_row][\/et_pb_section][et_pb_section fb_built=&#8221;1&#8243; _builder_version=&#8221;4.8.2&#8243; _module_preset=&#8221;default&#8221; background_color=&#8221;#ceaa51&#8243; custom_padding=&#8221;0px||0px|||&#8221; global_module=&#8221;29450&#8243;][et_pb_row column_structure=&#8221;3_4,1_4&#8243; _builder_version=&#8221;4.8.2&#8243; _module_preset=&#8221;default&#8221; custom_padding=&#8221;||0px|||&#8221;][et_pb_column type=&#8221;3_4&#8243; _builder_version=&#8221;4.8.2&#8243; _module_preset=&#8221;default&#8221;][et_pb_cta _builder_version=&#8221;4.8.2&#8243; header_font=&#8221;Montserrat|800|||||||&#8221; header_font_size=&#8221;21px&#8221; body_text_align=&#8221;left&#8221; body_text_color=&#8221;#ffffff&#8221; body_font_size=&#8221;39px&#8221; text_orientation=&#8221;center&#8221; custom_margin=&#8221;13px||0px|||&#8221; custom_padding=&#8221;||0px|&#8221; animation_direction=&#8221;left&#8221; link_option_url=&#8221;\/web-kupovina&#8221; border_style=&#8221;solid&#8221; button_letter_spacing_hover=&#8221;0&#8243; button_text_size__hover_enabled=&#8221;off&#8221; button_one_text_size__hover_enabled=&#8221;off&#8221; button_two_text_size__hover_enabled=&#8221;off&#8221; button_text_color__hover_enabled=&#8221;off&#8221; button_one_text_color__hover_enabled=&#8221;off&#8221; button_two_text_color__hover_enabled=&#8221;off&#8221; button_border_width__hover_enabled=&#8221;off&#8221; button_one_border_width__hover_enabled=&#8221;off&#8221; button_two_border_width__hover_enabled=&#8221;off&#8221; button_border_color__hover_enabled=&#8221;off&#8221; button_one_border_color__hover_enabled=&#8221;off&#8221; button_two_border_color__hover_enabled=&#8221;off&#8221; button_border_radius__hover_enabled=&#8221;off&#8221; button_one_border_radius__hover_enabled=&#8221;off&#8221; button_two_border_radius__hover_enabled=&#8221;off&#8221; button_letter_spacing__hover_enabled=&#8221;on&#8221; button_letter_spacing__hover=&#8221;0&#8243; button_one_letter_spacing__hover_enabled=&#8221;off&#8221; button_two_letter_spacing__hover_enabled=&#8221;off&#8221; button_bg_color__hover_enabled=&#8221;off&#8221; button_one_bg_color__hover_enabled=&#8221;off&#8221; button_two_bg_color__hover_enabled=&#8221;off&#8221;]<\/p>\n<p>Delivery for the whole EU<\/p>\n<p>[\/et_pb_cta][\/et_pb_column][et_pb_column type=&#8221;1_4&#8243; _builder_version=&#8221;4.8.2&#8243; _module_preset=&#8221;default&#8221;][et_pb_blurb url=&#8221;\/en\/web-shop&#8221; use_icon=&#8221;on&#8221; font_icon=&#8221;%%114%%&#8221; icon_color=&#8221;#ffffff&#8221; _builder_version=&#8221;4.8.2&#8243; _module_preset=&#8221;default&#8221; animation_style=&#8221;fade&#8221; animation_duration=&#8221;2000ms&#8221;][\/et_pb_blurb][\/et_pb_column][\/et_pb_row][\/et_pb_section][et_pb_section fb_built=&#8221;1&#8243; fullwidth=&#8221;on&#8221; _builder_version=&#8221;4.8.2&#8243; _module_preset=&#8221;default&#8221;][et_pb_fullwidth_code _builder_version=&#8221;4.8.2&#8243; _module_preset=&#8221;default&#8221; custom_padding=&#8221;||0px|||&#8221;]<iframe loading=\"lazy\" src=\"https:\/\/www.google.com\/maps\/embed?pb=!1m18!1m12!1m3!1d2803.5386443674383!2d14.316619015426367!3d45.35812457909974!2m3!1f0!2f0!3f0!3m2!1i1024!2i768!4f13.1!3m3!1m2!1s0x4764a89c29e0ab9f%3A0xa62bcd699f1df56!2sUl.%20Branka%20Laginje%2033%2C%2051211%2C%20Matulji!5e0!3m2!1sen!2shr!4v1612211407851!5m2!1sen!2shr\" width=\"2400\" height=\"450\" frameborder=\"0\" style=\"border:0;\" allowfullscreen=\"\" aria-hidden=\"false\" tabindex=\"0\"><\/iframe>[\/et_pb_fullwidth_code][\/et_pb_section]<\/p>\n","protected":false},"excerpt":{"rendered":"<p>UNIQUE JEWELRYBE &#8211; WEAR &#8211; UNIQUEI hope my story has contributed, and my works have captured your attention. I am at your disposal with the desire to make you happy.Want to order something unique, special and completely different?Impressum:\u00a0DANTE`S, OBRT ZA PROIZVODNJU, TRGOVINU I USLUGE, vl. ZAVI\u0160A \u017dE\u017dELI\u0106, MATULJI, BRANKA LAGINJE 33 A,\u00a0OIB:\u00a086062133830,\u00a0HR9823600001102887248 ZABADelivery for the [&hellip;]<\/p>\n","protected":false},"author":1,"featured_media":0,"parent":0,"menu_order":0,"comment_status":"closed","ping_status":"closed","template":"","meta":{"_et_pb_use_builder":"on","_et_pb_old_content":"","_et_gb_content_width":"","footnotes":""},"_links":{"self":[{"href":"https:\/\/dantes.hr\/en\/wp-json\/wp\/v2\/pages\/29504"}],"collection":[{"href":"https:\/\/dantes.hr\/en\/wp-json\/wp\/v2\/pages"}],"about":[{"href":"https:\/\/dantes.hr\/en\/wp-json\/wp\/v2\/types\/page"}],"author":[{"embeddable":true,"href":"https:\/\/dantes.hr\/en\/wp-json\/wp\/v2\/users\/1"}],"replies":[{"embeddable":true,"href":"https:\/\/dantes.hr\/en\/wp-json\/wp\/v2\/comments?post=29504"}],"version-history":[{"count":5,"href":"https:\/\/dantes.hr\/en\/wp-json\/wp\/v2\/pages\/29504\/revisions"}],"predecessor-version":[{"id":30129,"href":"https:\/\/dantes.hr\/en\/wp-json\/wp\/v2\/pages\/29504\/revisions\/30129"}],"wp:attachment":[{"href":"https:\/\/dantes.hr\/en\/wp-json\/wp\/v2\/media?parent=29504"}],"curies":[{"name":"wp","href":"https:\/\/api.w.org\/{rel}","templated":true}]}}